{"id":1102,"date":"2025-10-18T20:42:04","date_gmt":"2025-10-18T20:42:04","guid":{"rendered":"https:\/\/ib.micropp.net\/?post_type=product&#038;p=1102"},"modified":"2025-11-11T21:07:15","modified_gmt":"2025-11-11T21:07:15","slug":"standard-ticket","status":"publish","type":"product","link":"https:\/\/ib.micropp.net\/en\/product\/standard-ticket\/","title":{"rendered":"Maestro &#8211; Standard Ticket"},"content":{"rendered":"November 16, 2025 8:54 pm - 12:00 am","protected":false},"excerpt":{"rendered":"<p>La prenotazione\u00a0comprende esclusivamente\u00a0la visione dello spettacolo\u00a0<em><strong>MAESTRO IMPRO\u2122<\/strong><\/em><em>,<\/em>\u00a0in programma\u00a0domenica 16 novembre 2025 alle ore 20:00, presso Fortezza Est &#8211; via F. Laparelli, 62 &#8211; Roma (RM).<\/p>\n<p><!-- wp:list --><\/p>\n<ul class=\"wp-block-list\">\n<li style=\"list-style-type: none;\">\n<ul class=\"wp-block-list\"><!-- wp:list-item --><\/p>\n<li><strong>ore 20:00\/MAESTRO IMPRO\u2122<\/strong><br \/>\n<em>con la direzione artistica de i Bugiardini<br \/>\n<\/em><em>Sono tanti, coraggiosi e pronti a tutto per conquistare l&#8217;ambito titolo. Un susseguirsi di scene, personaggi ed emozioni irripetibili. Ma sul palco ci sar\u00e0 spazio per un solo Maestro! Sarai tu a decidere chi.<\/em><\/li>\n<\/ul>\n<\/li>\n<\/ul>\n<p><!-- \/wp:list-item --><\/p>\n<p><!-- \/wp:list --><\/p>\n<p><!-- wp:paragraph -->NB: una volta effettuata la prenotazione e ricevuta la mail con il riepilogo dell&#8217;ordine effettuato non sono necessarie ulteriori operazioni. Presentati al botteghino del teatro nel giorno della replica, da 30 minuti prima dell&#8217;orario d&#8217;inizio del tuo spettacolo, per ritirare i tuoi biglietti e goditi la serata. Grazie.<\/p>\n<p><!-- \/wp:paragraph --><\/p>\n<p><!-- wp:paragraph -->L&#8217;ordine effettuato non \u00e8 n\u00e9 modificabile, n\u00e9 rimborsabile.<br \/>\nIn caso di arrivo presso la sede dell&#8217;evento in orario successivo a quello indicato per l&#8217;inizio dello spettacolo non sar\u00e0 garantito l&#8217;accesso in sala e l&#8217;ordine non sar\u00e0 rimborsato.<\/p>","protected":false},"featured_media":1113,"comment_status":"open","ping_status":"closed","template":"","meta":[],"product_brand":[],"product_cat":[25,26],"product_tag":[],"class_list":{"0":"post-1102","1":"product","2":"type-product","3":"status-publish","4":"has-post-thumbnail","6":"product_cat-ib-presentano-stagione-2025-26","7":"product_cat-ib-show-2025-26-roma","9":"first","10":"instock","11":"virtual","12":"purchasable","13":"product-type-simple"},"_links":{"self":[{"href":"https:\/\/ib.micropp.net\/en\/wp-json\/wp\/v2\/product\/1102","targetHints":{"allow":["GET"]}}],"collection":[{"href":"https:\/\/ib.micropp.net\/en\/wp-json\/wp\/v2\/product"}],"about":[{"href":"https:\/\/ib.micropp.net\/en\/wp-json\/wp\/v2\/types\/product"}],"replies":[{"embeddable":true,"href":"https:\/\/ib.micropp.net\/en\/wp-json\/wp\/v2\/comments?post=1102"}],"wp:featuredmedia":[{"embeddable":true,"href":"https:\/\/ib.micropp.net\/en\/wp-json\/wp\/v2\/media\/1113"}],"wp:attachment":[{"href":"https:\/\/ib.micropp.net\/en\/wp-json\/wp\/v2\/media?parent=1102"}],"wp:term":[{"taxonomy":"product_brand","embeddable":true,"href":"https:\/\/ib.micropp.net\/en\/wp-json\/wp\/v2\/product_brand?post=1102"},{"taxonomy":"product_cat","embeddable":true,"href":"https:\/\/ib.micropp.net\/en\/wp-json\/wp\/v2\/product_cat?post=1102"},{"taxonomy":"product_tag","embeddable":true,"href":"https:\/\/ib.micropp.net\/en\/wp-json\/wp\/v2\/product_tag?post=1102"}],"curies":[{"name":"wp","href":"https:\/\/api.w.org\/{rel}","templated":true}]}}