{"id":1148,"date":"2025-10-27T22:04:58","date_gmt":"2025-10-27T22:04:58","guid":{"rendered":"https:\/\/ib.micropp.net\/?post_type=product&#038;p=1148"},"modified":"2025-11-11T21:28:26","modified_gmt":"2025-11-11T21:28:26","slug":"tutto-improvvisato-factory32-serata-completa-standard-ticket","status":"publish","type":"product","link":"https:\/\/ib.micropp.net\/en\/product\/tutto-improvvisato-factory32-serata-completa-standard-ticket\/","title":{"rendered":"Tutto improvvisato! @fACTORy32\/SERATA COMPLETA &#8211; Standard Ticket"},"content":{"rendered":"December 21, 2025 7:00 pm - 11:59 pm","protected":false},"excerpt":{"rendered":"<p><!-- wp:paragraph --><\/p>\n<p>La prenotazione comprende la visione dei due spettacoli della rassegna <em><strong>Tutto improvvisato! @fACTORy32<\/strong><\/em>\u00a0in programma il giorno\u00a0<strong>domenica 21 dicembre 2025 a partire dalle ore 20:00<\/strong>, presso fACTORy32 &#8211; via G. Watt, 32 &#8211; Milano (MI).<\/p>\n<p><!-- \/wp:paragraph --> <!-- wp:list --><\/p>\n<ul class=\"wp-block-list\"><!-- wp:list-item --><\/p>\n<li><strong>ore 20:00\/Tutto improvvisato! @fACTORy32 &#8211; ANTEPRIMA.<\/strong><br \/>\n<em>con BugiarLAB Milano e la direzione artistica de i Bugiardini<br \/>\n<\/em><em>Stupisciti nel vedere in azione sul palco il gruppo del BugiarLAB MILANO con il loro bagaglio di freschezza, spontaneit\u00e0 e beata incoscienza.<\/em><\/li>\n<p><!-- \/wp:list-item --> <!-- wp:list-item --><\/p>\n<li><strong>ore 21:00\/Tutto improvvisato! @fACTORy32 &#8211; MAIN SHOW.<\/strong><br \/>\n<em>con la direzione artistica de i Bugiardini<br \/>\n<\/em><em>Non perdere l&#8217;appuntamento con Francesco Lancia, i suoi ospiti a sorpresa e uno spettacolo da costruire sul momento. Con coraggio, fantasia e un pizzico, o forse pi\u00f9, di sana follia.<\/em><\/li>\n<p><!-- \/wp:list-item --><\/ul>\n<p><!-- \/wp:list --> <!-- wp:paragraph --><\/p>\n<p><em>IMPORTANTE!!!\u00a0<\/em><\/p>\n<p><!-- \/wp:paragraph --> <!-- wp:paragraph --><\/p>\n<p>Per accedere al teatro \u00e8 necessario associarsi gratuitamente a Factory32 compilando il seguente modulo:\u00a0<a href=\"https:\/\/gestionale.assofacile.it\/calendario\/factory32\/iscriviti\">https:\/\/gestionale.assofacile.it\/calendario\/factor&#8230;<\/a>NB: una volta effettuata la prenotazione e ricevuta la mail con il riepilogo dell&#8217;ordine effettuato non sono necessarie ulteriori operazioni. Presentati al botteghino del teatro nel giorno della replica, da 30 minuti prima dell&#8217;orario d&#8217;inizio del tuo spettacolo, per ritirare i tuoi biglietti e goditi la serata. Grazie.<\/p>\n<p><!-- \/wp:paragraph --> <!-- wp:paragraph --><\/p>\n<p>L&#8217;ordine effettuato non \u00e8 n\u00e9 modificabile, n\u00e9 rimborsabile.<br \/>\nIn caso di arrivo presso la sede dell&#8217;evento in orario successivo a quello indicato per l&#8217;inizio dello spettacolo non sar\u00e0 garantito l&#8217;accesso in sala e l&#8217;ordine non sar\u00e0 rimborsato.<\/p>\n<p><!-- \/wp:paragraph --><\/p>","protected":false},"featured_media":1236,"comment_status":"open","ping_status":"closed","template":"","meta":[],"product_brand":[],"product_cat":[25,39],"product_tag":[],"class_list":{"0":"post-1148","1":"product","2":"type-product","3":"status-publish","4":"has-post-thumbnail","6":"product_cat-ib-presentano-stagione-2025-26","7":"product_cat-tutto-improvvisato-factory32","9":"first","10":"outofstock","11":"virtual","12":"product-type-simple"},"_links":{"self":[{"href":"https:\/\/ib.micropp.net\/en\/wp-json\/wp\/v2\/product\/1148","targetHints":{"allow":["GET"]}}],"collection":[{"href":"https:\/\/ib.micropp.net\/en\/wp-json\/wp\/v2\/product"}],"about":[{"href":"https:\/\/ib.micropp.net\/en\/wp-json\/wp\/v2\/types\/product"}],"replies":[{"embeddable":true,"href":"https:\/\/ib.micropp.net\/en\/wp-json\/wp\/v2\/comments?post=1148"}],"wp:featuredmedia":[{"embeddable":true,"href":"https:\/\/ib.micropp.net\/en\/wp-json\/wp\/v2\/media\/1236"}],"wp:attachment":[{"href":"https:\/\/ib.micropp.net\/en\/wp-json\/wp\/v2\/media?parent=1148"}],"wp:term":[{"taxonomy":"product_brand","embeddable":true,"href":"https:\/\/ib.micropp.net\/en\/wp-json\/wp\/v2\/product_brand?post=1148"},{"taxonomy":"product_cat","embeddable":true,"href":"https:\/\/ib.micropp.net\/en\/wp-json\/wp\/v2\/product_cat?post=1148"},{"taxonomy":"product_tag","embeddable":true,"href":"https:\/\/ib.micropp.net\/en\/wp-json\/wp\/v2\/product_tag?post=1148"}],"curies":[{"name":"wp","href":"https:\/\/api.w.org\/{rel}","templated":true}]}}